{"id":2340,"date":"2019-11-06T15:41:51","date_gmt":"2019-11-06T13:41:51","guid":{"rendered":"https:\/\/www.mantzaris-film.com\/cookies-policy\/"},"modified":"2022-07-06T15:51:06","modified_gmt":"2022-07-06T12:51:06","slug":"cookies-policy","status":"publish","type":"page","link":"https:\/\/www.mantzaris-film.com\/de\/cookies-policy\/","title":{"rendered":"COOKIE-RICHTLINIE"},"content":{"rendered":"<p><em>Letzte Aktualisierung: November 2019<\/em><\/p>\n<p>&nbsp;<\/p>\n<ol>\n<li><strong><u> Einleitung<\/u><\/strong><\/li>\n<\/ol>\n<p>Dem Unternehmen <strong>\u201eMANTZARIS SA\u201c<\/strong> mit dem Markentitel <strong>&#8222;Eurofilm&#8220;<\/strong> (nachstehend das &#8222;Unternehmen&#8220; oder &#8222;wir&#8220;) liegt der Datenschutz besonders am Herzen. Der Zweck dieser Cookie-Richtlinie (nachstehend &#8222;Richtlinie&#8220;) besteht darin, Besucher und Nutzer unserer Webseite www.eurofilm.gr (nachstehend die &#8222;Webseite&#8220;) \u00fcber die Verwendung der Cookies zu informieren, als auch \u00fcber die verf\u00fcgbaren Optionen bez\u00fcglich dieser.<\/p>\n<p>&nbsp;<\/p>\n<p>Wenn Sie unsere Webseite besuchen und\/oder nutzen, wird davon ausgegangen, dass Sie der Verwendung von Cookies gem\u00e4\u00df dieser Richtlinie zustimmen. Wenn Sie nicht einverstanden sind, k\u00f6nnen Sie die Verwendung von Cookies durch Ihre Browsereinstellungen jederzeit deaktivieren, indem Sie den nachstehenden Anweisungen oder dem auf unserer Webseite verf\u00fcgbaren Cookie-Verwaltungstool folgen oder unsere Webseite nicht nutzen.<\/p>\n<p>&nbsp;<\/p>\n<ol start=\"2\">\n<li><strong><u> Was sind Cookies?<\/u><\/strong><\/li>\n<\/ol>\n<p>Cookies sind kleine Textdateien, die beim Besuch einer Webseite auf Ihrem Computer, Tablet oder Mobilger\u00e4t gespeichert werden. Es gibt verschiedene Arten von Cookies, abh\u00e4ngig von ihren Merkmalen, Zweck und Funktionen, die f\u00fcr verschiedene Zeitr\u00e4ume auf Ihrem Computer oder Ger\u00e4t verbleiben k\u00f6nnen. Cookies werden unter anderem verwendet, um die Funktionalit\u00e4t einer Webseite zu verbessern, den Zugriff darauf zu erleichtern, Statistiken zu sammeln, die es uns erm\u00f6glichen, die Vorlieben der Benutzer zu verstehen und den Inhalt der Webseite auf ihre Bed\u00fcrfnisse und Interessen abzustimmen.<\/p>\n<p>&nbsp;<\/p>\n<ol start=\"3\">\n<li><strong><u> Welche Arten von Cookies verwenden wir?<\/u><\/strong><\/li>\n<\/ol>\n<p>Unsere Webseite verwendet die folgenden Arten von Cookies:<\/p>\n<p>&nbsp;<\/p>\n<p>Statistische Analyse-\/Leistungscookies: Unsere Webseite benutzt Google Analytics, einen Online-Analysedienst der Google Inc. Google Analytics verwendet Cookies, um die Nutzung der Webseite durch die Nutzer zu analysieren. Mithilfe von Cookies f\u00fcr statistische Analysen k\u00f6nnen wir den Verkehr auf unserer Webseite messen, um ihre Leistung zu verbessern. Zudem helfen sie uns dabei, festzustellen, welche Seiten mehr oder weniger beliebt sind, wie sich Besucher auf der Seite bewegen als auch die Anzahl der Anfragen zu erfassen. Diese Cookies sammeln Informationen in anonymer, aggregierter Form. Bei Nichtannahme dieser Cookies wird die Funktionalit\u00e4t unserer Webseite nicht beeintr\u00e4chtigt und der Zugriff auf die Inhalte nicht eingeschr\u00e4nkt. Sie enthalten jedoch wertvolle Informationen, die es uns erm\u00f6glichen, die Webseite, die von uns angebotenen Produkte und die Dienstleistungen zu verbessern. Weitere Informationen zu Google Analytics und Datenschutz finden Sie <u><a href=\"https:\/\/developers.google.com\/analytics\/devguides\/collection\/analyticsjs\/cookie-usage?hl=en-US\">hier<\/a><\/u>.<\/p>\n<p>&nbsp;<\/p>\n<p><u>Targeting-\/Werbe-Cookies: <\/u>Targeting-\/Werbe-Cookies werden f\u00fcr die Werbung, die sich auf den Nutzer und seine Interessen bezieht, verwendet, sowie f\u00fcr die Erfassung der Interaktion mit der Werbung in dieser konkreten Domain und zur Verhinderung der mehrmaligen Wiederholung derselben Werbung. Wenn Sie diese Cookies nicht akzeptieren, wird die Funktionalit\u00e4t unserer Webseite nicht beeintr\u00e4chtigt und auch Ihr Zugriff auf die Inhalte nicht einschr\u00e4nkt. Dies kann jedoch Auswirkungen auf Ihre Erfahrung bez\u00fcglich des Inhalts und der erhaltenen gezielten Werbung haben.<\/p>\n<p>&nbsp;<\/p>\n<table style=\"width: 1082px;\" width=\"633\">\n<tbody>\n<tr>\n<td style=\"width: 116px;\"><strong>Technische Be<\/strong><strong>zeichnung<\/strong><\/td>\n<td style=\"width: 187px;\"><strong>Zweck<\/strong><strong>\/<\/strong><\/p>\n<p><strong>Art<\/strong><\/td>\n<td style=\"width: 161px;\"><strong>Kategorie<\/strong><\/td>\n<td style=\"width: 110px;\"><strong>Dauer<\/strong><\/td>\n<td style=\"width: 172px;\"><strong>Domain<\/strong><\/td>\n<td style=\"width: 296px;\"><strong>Informationen<\/strong><\/td>\n<\/tr>\n<tr>\n<td style=\"width: 116px;\">_ga<\/td>\n<td style=\"width: 187px;\">Google Analytics\/<\/p>\n<p>HTTP<\/td>\n<td style=\"width: 161px;\">Statistische Analyse<\/td>\n<td style=\"width: 110px;\">2 Jahre<\/td>\n<td style=\"width: 172px;\">www.mantzaris-film.com<\/td>\n<td style=\"width: 296px;\">Registriert eine eindeutige Kennung, die verwendet wird, um statistische Daten dar\u00fcber zu generieren, wie der Besucher die Webseite nutzt. Einteilung der Nutzer in Kategorien.<\/td>\n<\/tr>\n<tr>\n<td style=\"width: 116px;\">_gat_gtag_UA<\/p>\n<p>&nbsp;<\/td>\n<td style=\"width: 187px;\">Google Analytics\/<\/p>\n<p>HTTP<\/td>\n<td style=\"width: 161px;\">Statistische Analyse<\/td>\n<td style=\"width: 110px;\">24 Stunden<\/td>\n<td style=\"width: 172px;\">www.mantzaris-film.com<\/td>\n<td style=\"width: 296px;\">Verwendung durch Google Analytics, um die Anfragerate zu regulieren.<\/td>\n<\/tr>\n<tr>\n<td style=\"width: 116px;\">_gid<\/td>\n<td style=\"width: 187px;\">Google Analytics\/<\/p>\n<p>HTTP<\/td>\n<td style=\"width: 161px;\">Statistische Analyse<\/td>\n<td style=\"width: 110px;\">24 Stunden<\/td>\n<td style=\"width: 172px;\">www.mantzaris-film.com<\/td>\n<td style=\"width: 296px;\">Registriert eine eindeutige Kennung, die verwendet wird, um statistische Daten dar\u00fcber zu generieren, wie der Besucher die Webseite nutzt. Einteilung der Nutzer in Kategorien.<\/td>\n<\/tr>\n<tr>\n<td style=\"width: 116px;\">ads\/ga-audiences<\/td>\n<td style=\"width: 187px;\">Google AdWords\/<\/p>\n<p>Pixel Tracker<\/td>\n<td style=\"width: 161px;\">Targeting\/ Werbung<\/td>\n<td style=\"width: 110px;\">Sitzung<\/td>\n<td style=\"width: 172px;\"><a href=\"http:\/\/www.google.com\">www.google.com<\/a><\/td>\n<td style=\"width: 296px;\">Wird von Google AdWords genutzt, um Besucher \u00e4hlicher Webseiten anzuziehen.<\/td>\n<\/tr>\n<tr>\n<td style=\"width: 116px;\">Cache-sprite-plyr<\/td>\n<td style=\"width: 187px;\">Kategorisierung steht aus\/HTML<\/td>\n<td style=\"width: 161px;\">Ohne Kategorisierung<\/td>\n<td style=\"width: 110px;\">Dauerhaft<\/td>\n<td style=\"width: 172px;\">www.mantzaris-film.com<\/td>\n<td style=\"width: 296px;\">Kategorisierung steht aus<\/td>\n<\/tr>\n<\/tbody>\n<\/table>\n<p>&nbsp;<\/p>\n<p><strong>\u00a0<\/strong><\/p>\n<ol start=\"4\">\n<li><strong><u> Protokolldateien (Log Files)<\/u><\/strong><\/li>\n<\/ol>\n<p>Wie die meisten Webseiten zeichnen unsere Server automatisch Seitenanfragen auf, die beim Besuch unserer Webseite durch die Nutzer auftreten. Diese Protokolldateien (log files) enthalten normalerweise Ihre Webanfrage, die Internetprotokolladresse, den Browsertyp, die Browsersprache, das Datum und die Uhrzeit Ihrer Anfrage. Die Protokolle werden ein Jahr lang aufbewahrt und danach gel\u00f6scht.<\/p>\n<p><strong>\u00a0<\/strong><\/p>\n<ol start=\"5\">\n<li><strong><u> Cookies verwalten und deaktivieren<\/u><\/strong><\/li>\n<\/ol>\n<p>Sie k\u00f6nnen Cookies nach Belieben steuern, l\u00f6schen oder deaktivieren. Sie k\u00f6nnen Ihren Browser so konfigurieren, dass er Sie benachrichtigt, bevor Cookies akzeptiert werden, oder direkt die komplette Ablehnung ausw\u00e4hlen. Sie k\u00f6nnen auch Cookies l\u00f6schen, die sich bereits auf Ihrem Computer befinden. Das Blockieren von Cookies kann dazu f\u00fchren, dass bestimmte Webseiten nicht ordnungsgem\u00e4\u00df ausgef\u00fchrt werden oder funktionieren.<\/p>\n<p>&nbsp;<\/p>\n<p>Falls Sie verschiedene Ger\u00e4te an verschiedenen Standorten verwenden, m\u00fcssen Sie sicherstellen, dass die Einstellungen der einzelnen Browser Ihren Cookie-Einstellungen entsprechen. Details zu Cookies finden Sie <a href=\"http:\/\/www.allaboutcookies.org\/\"><u>hier<\/u><\/a>. Sie k\u00f6nnen zudem die Deaktivierung des Trackings \u00fcber Google Analytics anfordern, indem Sie <a href=\"https:\/\/tools.google.com\/dlpage\/gaoptout?hl=en-GB\"><u>hier<\/u><\/a> klicken.<\/p>\n<p>&nbsp;<\/p>\n<p>Weitere Informationen zum Definieren Ihrer Cookie-Verwendungsoptionen finden Sie unter den folgenden Links:<\/p>\n<p><a href=\"https:\/\/support.microsoft.com\/el-gr\/help\/17442\/windows-internet-explorer-delete-manage-cookies\" target=\"_blank\" rel=\"noopener noreferrer\"><u>Internet Explorer<\/u><\/a><\/p>\n<p><a href=\"https:\/\/support.google.com\/chrome\/answer\/95647?co=GENIE.Platform%3DDesktop&amp;hl=el\" target=\"_blank\" rel=\"noopener noreferrer\"><u>Chrome<\/u><\/a><\/p>\n<p><a href=\"https:\/\/support.apple.com\/el-gr\/guide\/safari\/sfri11471\/mac\" target=\"_blank\" rel=\"noopener noreferrer\"><u>Safari<\/u><\/a><\/p>\n<p><a href=\"https:\/\/help.opera.com\/en\/latest\/web-preferences\/#cookies\" target=\"_blank\" rel=\"noopener noreferrer\"><u>Opera<\/u><\/a><\/p>\n<p><u><a href=\"https:\/\/support.mozilla.org\/el\/kb\/energopoihsh-apenergopoihsh-cookies-parakoloy8hsh-protimhsewn\" target=\"_blank\" rel=\"noopener noreferrer\">Mozilla Firefox<\/a><\/u><\/p>\n<p>&nbsp;<\/p>\n<ol start=\"6\">\n<li><strong><u> Geltungsbereich dieser Richtlinie<\/u><\/strong><\/li>\n<\/ol>\n<p>Diese Richtlinie gilt nur f\u00fcr unsere Webseite und gilt nicht f\u00fcr Webseiten, Plattformen oder Anwendungen von Drittanbietern, auf die der Benutzer \u00fcber Links, Hyperlinks, Werbebanner und Berichte, die auf unserer Webseite erscheinen, aber nicht von ihr kontrolliert werden, weitergeleitet wird.<\/p>\n<p><strong>\u00a0<\/strong><\/p>\n<ol start=\"7\">\n<li><strong><u> \u00c4nderungen der Cookies-Richtlinie<\/u><\/strong><\/li>\n<\/ol>\n<p>Das Unternehmen beh\u00e4lt sich das Recht vor, diese Richtlinie von Zeit zu Zeit zu \u00e4ndern. Alle \u00dcberarbeitungen werden auf unserer Webseite mit einer eindeutigen Angabe zum Datum der letzten Aktualisierung angezeigt. Bitte \u00fcberpr\u00fcfen Sie diese Richtlinie regelm\u00e4\u00dfig, um \u00fcber \u00c4nderungen oder Aktualisierungen dieser Richtlinie auf dem Laufenden zu bleiben.<\/p>\n<p>&nbsp;<\/p>\n<ol start=\"8\">\n<li><strong><u> Kontakt<\/u><\/strong><\/li>\n<\/ol>\n<p>Sollten Sie Fragen zu dieser Richtlinie haben, k\u00f6nnen Sie sich unter folgender Adresse an uns wenden:<\/p>\n<p>\u2022 Per Post: MANTZARIS SA, Thesi Tsakiri, Zevgolatio Korinthias, PLZ 200 01, Griechenland (z.Hd. des Beauftragten f\u00fcr personenbezogene Daten)<\/p>\n<p>\u2022 Per E-Mail: <a href=\"mailto:privacy@mantzaris-film.com\">privacy@mantzaris-film.com<\/a>.<\/p>\n<p>&nbsp;<\/p>\n<p>Wir werden uns bem\u00fchen, Ihre Anfrage so schnell wie m\u00f6glich zu beantworten.<\/p>\n<p>Copyright\u00ae 2019 Eurofilm Alle Rechte vorbehalten<\/p>\n","protected":false},"excerpt":{"rendered":"<p>Letzte Aktualisierung: November 2019 &nbsp; Einleitung Dem Unternehmen \u201eMANTZARIS SA\u201c mit dem Markentitel &#8222;Eurofilm&#8220; (nachstehend das &#8222;Unternehmen&#8220; oder &#8222;wir&#8220;) liegt der Datenschutz besonders am Herzen. Der Zweck dieser Cookie-Richtlinie (nachstehend &#8222;Richtlinie&#8220;) besteht darin, Besucher und Nutzer unserer Webseite www.eurofilm.gr (nachstehend die &#8222;Webseite&#8220;) \u00fcber die Verwendung der Cookies zu informieren, als auch \u00fcber die verf\u00fcgbaren Optionen [&hellip;]<\/p>\n","protected":false},"author":1,"featured_media":0,"parent":0,"menu_order":119,"comment_status":"closed","ping_status":"closed","template":"templates\/template-policy.php","meta":{"_acf_changed":false,"inline_featured_image":false,"footnotes":""},"class_list":["post-2340","page","type-page","status-publish","hentry"],"acf":[],"yoast_head":"<!-- This site is optimized with the Yoast SEO plugin v26.1.1 - https:\/\/yoast.com\/wordpress\/plugins\/seo\/ -->\n<title>COOKIE-RICHTLINIE - Mantzaris SA<\/title>\n<meta name=\"robots\" content=\"index, follow, max-snippet:-1, max-image-preview:large, max-video-preview:-1\" \/>\n<link rel=\"canonical\" href=\"https:\/\/www.mantzaris-film.com\/de\/cookies-policy\/\" \/>\n<meta property=\"og:locale\" content=\"de_DE\" \/>\n<meta property=\"og:type\" content=\"article\" \/>\n<meta property=\"og:title\" content=\"COOKIE-RICHTLINIE - Mantzaris SA\" \/>\n<meta property=\"og:description\" content=\"Letzte Aktualisierung: November 2019 &nbsp; Einleitung Dem Unternehmen \u201eMANTZARIS SA\u201c mit dem Markentitel &#8222;Eurofilm&#8220; (nachstehend das &#8222;Unternehmen&#8220; oder &#8222;wir&#8220;) liegt der Datenschutz besonders am Herzen. Der Zweck dieser Cookie-Richtlinie (nachstehend &#8222;Richtlinie&#8220;) besteht darin, Besucher und Nutzer unserer Webseite www.eurofilm.gr (nachstehend die &#8222;Webseite&#8220;) \u00fcber die Verwendung der Cookies zu informieren, als auch \u00fcber die verf\u00fcgbaren Optionen [&hellip;]\" \/>\n<meta property=\"og:url\" content=\"https:\/\/www.mantzaris-film.com\/de\/cookies-policy\/\" \/>\n<meta property=\"og:site_name\" content=\"Mantzaris SA\" \/>\n<meta property=\"article:modified_time\" content=\"2022-07-06T12:51:06+00:00\" \/>\n<meta name=\"twitter:card\" content=\"summary_large_image\" \/>\n<meta name=\"twitter:label1\" content=\"Est. reading time\" \/>\n\t<meta name=\"twitter:data1\" content=\"5 Minuten\" \/>\n<!-- \/ Yoast SEO plugin. -->","yoast_head_json":{"title":"COOKIE-RICHTLINIE - Mantzaris SA","robots":{"index":"index","follow":"follow","max-snippet":"max-snippet:-1","max-image-preview":"max-image-preview:large","max-video-preview":"max-video-preview:-1"},"canonical":"https:\/\/www.mantzaris-film.com\/de\/cookies-policy\/","og_locale":"de_DE","og_type":"article","og_title":"COOKIE-RICHTLINIE - Mantzaris SA","og_description":"Letzte Aktualisierung: November 2019 &nbsp; Einleitung Dem Unternehmen \u201eMANTZARIS SA\u201c mit dem Markentitel &#8222;Eurofilm&#8220; (nachstehend das &#8222;Unternehmen&#8220; oder &#8222;wir&#8220;) liegt der Datenschutz besonders am Herzen. Der Zweck dieser Cookie-Richtlinie (nachstehend &#8222;Richtlinie&#8220;) besteht darin, Besucher und Nutzer unserer Webseite www.eurofilm.gr (nachstehend die &#8222;Webseite&#8220;) \u00fcber die Verwendung der Cookies zu informieren, als auch \u00fcber die verf\u00fcgbaren Optionen [&hellip;]","og_url":"https:\/\/www.mantzaris-film.com\/de\/cookies-policy\/","og_site_name":"Mantzaris SA","article_modified_time":"2022-07-06T12:51:06+00:00","twitter_card":"summary_large_image","twitter_misc":{"Est. reading time":"5 Minuten"},"schema":{"@context":"https:\/\/schema.org","@graph":[{"@type":"WebPage","@id":"https:\/\/www.mantzaris-film.com\/de\/cookies-policy\/","url":"https:\/\/www.mantzaris-film.com\/de\/cookies-policy\/","name":"COOKIE-RICHTLINIE - Mantzaris SA","isPartOf":{"@id":"https:\/\/www.mantzaris-film.com\/de\/#website"},"datePublished":"2019-11-06T13:41:51+00:00","dateModified":"2022-07-06T12:51:06+00:00","breadcrumb":{"@id":"https:\/\/www.mantzaris-film.com\/de\/cookies-policy\/#breadcrumb"},"inLanguage":"de-DE","potentialAction":[{"@type":"ReadAction","target":["https:\/\/www.mantzaris-film.com\/de\/cookies-policy\/"]}]},{"@type":"BreadcrumbList","@id":"https:\/\/www.mantzaris-film.com\/de\/cookies-policy\/#breadcrumb","itemListElement":[{"@type":"ListItem","position":1,"name":"Home","item":"https:\/\/www.mantzaris-film.com\/de\/"},{"@type":"ListItem","position":2,"name":"COOKIE-RICHTLINIE"}]},{"@type":"WebSite","@id":"https:\/\/www.mantzaris-film.com\/de\/#website","url":"https:\/\/www.mantzaris-film.com\/de\/","name":"Mantzaris SA","description":"Mantzaris SA is a plastic film industry that manufactures &amp; sells a variery of plastics such as films for agricultural, industrial and consumer use.","publisher":{"@id":"https:\/\/www.mantzaris-film.com\/de\/#organization"},"potentialAction":[{"@type":"SearchAction","target":{"@type":"EntryPoint","urlTemplate":"https:\/\/www.mantzaris-film.com\/de\/?s={search_term_string}"},"query-input":{"@type":"PropertyValueSpecification","valueRequired":true,"valueName":"search_term_string"}}],"inLanguage":"de-DE"},{"@type":"Organization","@id":"https:\/\/www.mantzaris-film.com\/de\/#organization","name":"\u0392\u03b9\u03bf\u03bc\u03b7\u03c7\u03b1\u03bd\u03af\u03b1 \u03a0\u03bb\u03b1\u03c3\u03c4\u03b9\u03ba\u03ce\u03bd \u03a6\u03b9\u03bb\u03bc | EUROFILM \u039c\u0391\u039d\u03a4\u0396\u0391\u03a1\u0397\u03a3 \u0391.\u0395","url":"https:\/\/www.mantzaris-film.com\/de\/","logo":{"@type":"ImageObject","inLanguage":"de-DE","@id":"https:\/\/www.mantzaris-film.com\/de\/#\/schema\/logo\/image\/","url":"https:\/\/www.mantzaris-film.com\/wp-content\/uploads\/2018\/09\/mantzaris.png","contentUrl":"https:\/\/www.mantzaris-film.com\/wp-content\/uploads\/2018\/09\/mantzaris.png","width":400,"height":92,"caption":"\u0392\u03b9\u03bf\u03bc\u03b7\u03c7\u03b1\u03bd\u03af\u03b1 \u03a0\u03bb\u03b1\u03c3\u03c4\u03b9\u03ba\u03ce\u03bd \u03a6\u03b9\u03bb\u03bc | EUROFILM \u039c\u0391\u039d\u03a4\u0396\u0391\u03a1\u0397\u03a3 \u0391.\u0395"},"image":{"@id":"https:\/\/www.mantzaris-film.com\/de\/#\/schema\/logo\/image\/"}}]}},"_links":{"self":[{"href":"https:\/\/www.mantzaris-film.com\/de\/wp-json\/wp\/v2\/pages\/2340","targetHints":{"allow":["GET"]}}],"collection":[{"href":"https:\/\/www.mantzaris-film.com\/de\/wp-json\/wp\/v2\/pages"}],"about":[{"href":"https:\/\/www.mantzaris-film.com\/de\/wp-json\/wp\/v2\/types\/page"}],"author":[{"embeddable":true,"href":"https:\/\/www.mantzaris-film.com\/de\/wp-json\/wp\/v2\/users\/1"}],"replies":[{"embeddable":true,"href":"https:\/\/www.mantzaris-film.com\/de\/wp-json\/wp\/v2\/comments?post=2340"}],"version-history":[{"count":7,"href":"https:\/\/www.mantzaris-film.com\/de\/wp-json\/wp\/v2\/pages\/2340\/revisions"}],"predecessor-version":[{"id":6471,"href":"https:\/\/www.mantzaris-film.com\/de\/wp-json\/wp\/v2\/pages\/2340\/revisions\/6471"}],"wp:attachment":[{"href":"https:\/\/www.mantzaris-film.com\/de\/wp-json\/wp\/v2\/media?parent=2340"}],"curies":[{"name":"wp","href":"https:\/\/api.w.org\/{rel}","templated":true}]}}