{"id":2346,"date":"2019-11-06T15:49:02","date_gmt":"2019-11-06T13:49:02","guid":{"rendered":"https:\/\/www.mantzaris-film.com\/terms-and-conditions\/"},"modified":"2019-11-12T11:51:11","modified_gmt":"2019-11-12T09:51:11","slug":"terms-and-conditions","status":"publish","type":"page","link":"https:\/\/www.mantzaris-film.com\/de\/terms-and-conditions\/","title":{"rendered":"NUTZUNGSBEDINGUNGEN DER WEBSEITE"},"content":{"rendered":"<p><em>Letzte Aktualisierung: November \u00a02019<\/em><\/p>\n<p>&nbsp;<\/p>\n<p>MANTZARIS SA<\/p>\n<p>Thesi Tsakiri<\/p>\n<p>Zevgolatio Korinthias<\/p>\n<p>PLZ 200 01, Griechenland<\/p>\n<p>Tel.: (+30) 27410 54900, 51900, 54400, 51666<\/p>\n<p>Fax: (+30) 27410 51901<\/p>\n<p>AR.M.A.E.-Nr.:<sup>1<\/sup> 35553\/024\/\u0392\/96\/0006<\/p>\n<p>G.E.MI.-Nr.:<sup>2<\/sup> 115224537000<\/p>\n<p>&nbsp;<\/p>\n<p><sup>1<\/sup>Nummer des Registers der Aktiengesellschaften<\/p>\n<p><sup>2<\/sup>Nummer des Registers der \u00a0Handelskammer<\/p>\n<p>&nbsp;<\/p>\n<ol>\n<li><strong><u> Einleitung<\/u><\/strong><\/li>\n<\/ol>\n<p>Diese Webseite www.eurofilm.gr (die &#8222;Webseite&#8220;) und ihre einzelnen Webseiten sind Eigentum der <strong>&#8222;MANTZARIS SA&#8220;<\/strong> mit dem Markentitel <strong>&#8222;Eurofilm&#8220;<\/strong> (&#8222;das Unternehmen&#8220; oder &#8222;wir&#8220;). Bitte lesen Sie diese Nutzungsbedingungen sowie unsere <a href=\"https:\/\/www.mantzaris-film.com\/en\/privacy-policy\/\">Datenschutz <\/a>und <a href=\"https:\/\/www.mantzaris-film.com\/cookies-policy\/\">Cookie-Richtlinien<\/a> sorgf\u00e4ltig durch, bevor Sie unsere Webseite besuchen oder nutzen. Wenn Sie die Webseite besuchen und\/oder nutzen, wird davon ausgegangen, dass Sie die Nutzungsbedingungen, einschlie\u00dflich der oben genannten Richtlinien gelesen und verstanden haben. Falls Sie nicht einverstanden sind, verlassen Sie bitte unsere Webseite und nehmen Sie Abstand von ihrer Nutzung.<\/p>\n<p>&nbsp;<\/p>\n<ol start=\"2\">\n<li><strong><u>Nutzungsfeld der Webseite<\/u><\/strong><\/li>\n<\/ol>\n<p>Unsere Webseite und deren Inhalte wurden nach griechischem Recht erstellt. Das Recht anderer L\u00e4nder kann davon abweichen. Jegliches Angebot eines Produkts oder einer Dienstleistung \u00fcber diese Webseite in L\u00e4ndern, in denen dies m\u00f6glicherweise verboten ist, gilt als nichtig. Das Unternehmen beh\u00e4lt sich das Recht vor, die Bereitstellung seiner Produkte oder Dienstleistungen f\u00fcr eine Person, ein geografisches Gebiet, eine Gerichtsbarkeit und\/oder die Mengen oder Produkte oder Dienstleistungen, die es m\u00f6glicherweise bereitstellt, zu beschr\u00e4nken.<\/p>\n<p>&nbsp;<\/p>\n<ol start=\"3\">\n<li><strong><u> Einschr\u00e4nkungen bei der Nutzung der Webseite<\/u><\/strong><\/li>\n<\/ol>\n<p>Die Nutzer der Webseite m\u00fcssen die Regeln und Bestimmungen des griechischen, europ\u00e4ischen und internationalen Rechts und des damit verbundenen Telekommunikationsrechts einhalten und sich jeglichen rechtswidrigen und missbr\u00e4uchlichen Verhaltens, einschlie\u00dflich rechtswidriger Praktiken und unlauteren Wettbewerb enthalten.<\/p>\n<p>&nbsp;<\/p>\n<p>Sie d\u00fcrfen die Webseite und ihre Inhalte unter anderem nicht nutzen f\u00fcr:<\/p>\n<div>\u2022 das Herunterladen (au\u00dfer Zwischenspeichern) oder \u00c4ndern der Webseite ganz oder teilweise<\/div>\n<p>\u2022 das Beeintr\u00e4chtigen oder st\u00f6ren jeglicher Netzwerke oder Seiten, die mit unserer Webseite verkn\u00fcpft sind, oder das Verschaffen von unbefugtem Zugriff auf andere Computersysteme<\/p>\n<p>\u2022 das Verhindern der Nutzung oder des Genusses unserer Webseite von jeglicher Person<\/p>\n<p>\u2022 jeglichen rechtswidrigen Zweck<\/p>\n<p>&nbsp;<\/p>\n<p>Es ist Ihnen zudem in Bezug auf die Webseite die Nutzung untersagt von:<\/p>\n<p>\u2022 Jeglichen Tools und Technologien f\u00fcr Datamining, Roboter oder \u00e4hnlichen Tools oder Technologien zur Datensammlung und -extraktion<\/p>\n<p>\u2022\u00a0Frametechniken, um Marken, Logos und anderen Bilder, das Textlayout und die Formen, die unser Unternehmenseigentum darstellen und die wir auf unserer Webseite verwenden, einzuschlie\u00dfen<\/p>\n<p>\u2022 Meta-Tags oder anderen versteckten Texten, die unseren Namen und\/oder unsere Marken verwenden<\/p>\n<p>&nbsp;<\/p>\n<ol start=\"4\">\n<li><strong><u> Urheberrecht<\/u><\/strong><\/li>\n<\/ol>\n<p>Der gesamte Inhalt dieser Webseite ist urheberrechtlich gesch\u00fctzt und das ausschlie\u00dfliche Eigentum unseres Unternehmens oder Dritter. Der Inhalt dieser Webseite darf nicht, mit Ausnahme des nicht kommerziellen pers\u00f6nlichen Gebrauchs, unbeschadet aller Rechte des Unternehmens kopiert, reproduziert oder auf andere Weise weiterverbreitet werden. Mit Ausnahme des vorstehenden d\u00fcrfen Sie keine Informationen, Texte oder Dokumente dieser Webseite kopieren, ausstellen, herunterladen, verbreiten, modifizieren, reproduzieren, erneut ver\u00f6ffentlichen oder teilweise \u00fcbertragen mittels jeglichen elektronischen Medien oder als Kopien oder jegliche Arbeit vollziehen, die auf Fotos, Texten oder Dokumenten der Webseite beruhen, ohne die ausdr\u00fcckliche schriftliche Zustimmung unseres Unternehmens. Der Inhalt dieser Webseite gew\u00e4hrt keine Genehmigung oder Recht in Bezug auf ein geistiges oder gewerbliches Recht oder Patent, eine Marke oder ein Logo unseres Unternehmens oder Dritter.<\/p>\n<p>&nbsp;<\/p>\n<ol start=\"5\">\n<li><strong><u>Markenzeichen<\/u><\/strong><\/li>\n<\/ol>\n<p>Alle auf unserer Webseite erscheinenden Marken, Produktnamen, gleichg\u00fcltig, ob sie in Buchstaben oder Symbolen oder Darstellungen erscheinen, sind Marken des Unternehmens oder Dritter, sofern nicht anders angegeben. Die Verwendung und\/oder F\u00e4lschung dieser Marken sowie anderer Materialien ist strengstens untersagt und stellt eine Verletzung des geistigen und gewerblichen Eigentums, \u00fcber Marken, unlauteren Wettbewerb usw. dar. Wir informieren Sie, dass unser Unternehmen alle Urheberrechte aktiv und konsequent wahrnimmt.<\/p>\n<p>&nbsp;<\/p>\n<ol start=\"6\">\n<li><strong><u> Personenbezogene Daten<\/u><\/strong><\/li>\n<\/ol>\n<p>Unser Unternehmen geht besonders sensibel mit Datenschutzangelegenheiten um und respektiert die personenbezogenen Daten der Besucher und Nutzer seiner Webseite. Bitte lesen Sie unsere <a href=\"https:\/\/www.mantzaris-film.com\/en\/privacy-policy\/\">Datenschutzrichtlinie<\/a> sowie unsere <a href=\"https:\/\/www.mantzaris-film.com\/cookies-policy\/\">Cookie-Richtlinie<\/a>, um sich \u00fcber die personenbezogenen Daten, die unser Unternehmen erhebt und verarbeitet, sowie \u00fcber Ihre Rechte als betroffene Personen zu informieren.<\/p>\n<p>&nbsp;<\/p>\n<ol start=\"7\">\n<li><strong><u> Nicht vertrauliche Informationen<\/u><\/strong><\/li>\n<\/ol>\n<p>Mit Ausnahme der geltenden Gesch\u00e4ftsbedingungen, die in unseren Datenschutz- und Cookie-Richtlinien festgelegt sind, wird jegliche Kommunikation oder sonstigen Materialien, die Sie uns online, \u00fcber unsere Webseite, per E-Mail, Online-Formular oder auf andere Weise zukommen lassen, wie beispielsweise bei Anfragen, Kommentaren, Vorschl\u00e4gen und dergleichen, von unserem Unternehmen als nicht vertraulich behandelt, sodass wir bez\u00fcglich dessen keine Verpflichtung haben. Es steht unserem Unternehmen frei, Ideen, Konzepte, Know-how oder Techniken, die in dieser Art der Kommunikation enthalten sind, f\u00fcr jeden Zweck zu verwenden, einschlie\u00dflich, aber nicht beschr\u00e4nkt auf die Werbung unserer Produkte.<\/p>\n<p>&nbsp;<\/p>\n<ol start=\"8\">\n<li><strong><u> Webseiten und Links von Drittanbietern<\/u><\/strong><\/li>\n<\/ol>\n<p>Diese Webseite kann Links oder Verweise auf andere Webseiten Dritter enthalten, die nicht der Kontrolle unseres Unternehmens unterliegen. Diese Links werden nur zur Vereinfachung f\u00fcr unsere Kunden bereitgestellt. Ebenso kann der Zugriff auf unsere Webseite auch \u00fcber Links auf Webseiten Dritter erfolgen, auf die wir keine Kontrolle aus\u00fcben. Unser Unternehmen \u00fcbernimmt keine Garantie oder Zusicherung f\u00fcr die Richtigkeit, Aktualit\u00e4t, Qualit\u00e4t oder Vollst\u00e4ndigkeit der auf diesen Webseiten enthaltenen Informationen und haftet nicht f\u00fcr Sch\u00e4den oder Verluste, die durch den Inhalt oder die darin enthaltenen Informationen verursacht werden. Jeder Verweis auf eine Webseite Dritter \u00fcber einen Link auf der Webseite unseres Unternehmens bedeutet nicht, dass unser Unternehmen den Inhalt oder die Webseiten Dritter vorbehaltlos bef\u00fcrwortet oder empfiehlt.<\/p>\n<p>&nbsp;<\/p>\n<ol start=\"9\">\n<li><strong><u> Haftungsausschluss<\/u><\/strong><\/li>\n<\/ol>\n<p>Das Unternehmen ist bem\u00fcht, auf seiner Webseite m\u00f6glichst genaue und zuverl\u00e4ssige Informationen bereitzustellen, gew\u00e4hrt jedoch keine Garantie oder Zusicherung f\u00fcr die Richtigkeit, Aktualit\u00e4t und Vollst\u00e4ndigkeit der bereitgestellten Informationen seiner Webseite zu jeglichem Zeitpunkt. Der Benutzer \u00fcbernimmt jegliches Risiko, das durch den Zugriff auf und\/oder die Nutzung der Webseite potenziell entstehen kann. Das Unternehmen gew\u00e4hrt keine ausdr\u00fcckliche oder stillschweigende Garantie und garantiert auch nicht die Angemessenheit seiner Vermarktungsobjekte f\u00fcr einen bestimmten Zweck. Dar\u00fcber hinaus tr\u00e4gt das Unternehmen keine Verantwortung f\u00fcr den Fall, dass einige der auf der Webseite ver\u00f6ffentlichten Produkte nicht verf\u00fcgbar sind. Weder das Unternehmen noch eine Partei, die an der Erstellung, Gestaltung oder Verbreitung dieser Webseite beteiligt ist, haftet f\u00fcr jegliche Sch\u00e4den am Nutzer, einschlie\u00dflich direkter, indirekter, zuf\u00e4lliger, beil\u00e4ufiger oder sonstiger Sch\u00e4den, die resultieren aus dem Zugriff, der Nutzung oder Unm\u00f6glichkeit der Nutzung dieser Webseite oder jeglicher Fehler oder Auslassungen des Inhaltes. Der Haftungsausschluss umfasst auch die Sch\u00e4den, die durch Viren verursacht werden, die auf den Computer und allgemein auf die elektronischen Ger\u00e4te des Benutzers \u00fcbertragen werden.<\/p>\n<p>&nbsp;<\/p>\n<ol start=\"10\">\n<li><strong><u> Entsch\u00e4digung<\/u><\/strong><\/li>\n<\/ol>\n<p>Der \u039dutzer verpflichtet sich, das Unternehmen, seine Mitarbeiter, F\u00fchrungskr\u00e4fte, Vertreter, Lieferanten und seine Dritten f\u00fcr Verluste, Ausgaben, Sch\u00e4den und Kosten, einschlie\u00dflich angemessener Geb\u00fchren f\u00fcr seine Rechtsberater, zu entsch\u00e4digen und zu verteidigen, die aus m\u00f6glichen Verst\u00f6\u00dfen gegen die Nutzungsbedingungen dieser Webseite resultieren. Es wird ausdr\u00fccklich erkl\u00e4rt, dass im Falle eines Versuchs, das Unternehmen und die von ihm angebotenen Produkte und Dienstleistungen auf irgendeine Weise elektronisch (z. B. durch Blogposting) oder nicht elektronisch zu diffamieren, das Unternehmen alle rechtlichen Schritte gegen jegliche zust\u00e4ndige Person zur Verteidigung der Unternehmensinteressen und zur Wiederherstellung seines Handelsrufes unternehmen wird.<\/p>\n<p>&nbsp;<\/p>\n<ol start=\"11\">\n<li><strong><u> Produktbeschreibung<\/u><\/strong><\/li>\n<\/ol>\n<p>Unser Unternehmen ist bestrebt, die wesentlichen Merkmale der auf unserer Webseite zum Verkauf angebotenen Produkte so genau und detailliert wie m\u00f6glich zu beschreiben. Falls Ihnen aus jeglichen Grund die angegebene Beschreibung eines Produkts nicht ausreicht, k\u00f6nnen Sie sich gerne an uns wenden, um Ihre Anfrage zu beantworten und Ihnen den bestm\u00f6glichen Service zu bieten. Das Unternehmen beh\u00e4lt sich das Recht vor, die Produktbeschreibung ohne vorherige Ank\u00fcndigung zu \u00e4ndern. Jede derartige \u00c4nderung wird wirksam, sobald sie auf unserer Unternehmenswebseite erscheint.<\/p>\n<p>&nbsp;<\/p>\n<ol start=\"12\">\n<li><strong><u> Minderj\u00e4hrige<\/u><\/strong><\/li>\n<\/ol>\n<p>Die Nutzung der Webseite ist Personen untersagt, die das 18. Lebensjahr noch nicht vollendet haben oder die gesetzlich vorgeschriebene Rechtsf\u00e4higkeit nicht besitzen.<\/p>\n<p>&nbsp;<\/p>\n<ol start=\"13\">\n<li><strong><u> Allgemeine Nutzungsbedingungen<\/u><\/strong><\/li>\n<\/ol>\n<p>Sollte sich herausstellen, dass eine dieser Nutzungsbedingungen rechtswidrig, ung\u00fcltig oder undurchsetzbar ist, wird diese Bedingung als nichtig betrachtet, ohne jedoch die Durchsetzbarkeit und G\u00fcltigkeit der \u00fcbrigen Bedingungen zu beeintr\u00e4chtigen. Das Unternehmen kann jederzeit einzelne oder alle hierin enthaltenen Nutzungsbedingungen \u00e4ndern und es wird davon ausgegangen, dass die Nutzer \u00fcber die \u00c4nderungen informiert und an diese gebunden sind, sobald sie auf unserer Unternehmenswebseite ver\u00f6ffentlicht werden. Das Unternehmen beh\u00e4lt sich ferner das Recht vor, Inhalte seiner Webseite jederzeit nach eigenem Ermessen zu \u00e4ndern oder zu l\u00f6schen.<\/p>\n<p>&nbsp;<\/p>\n<ol start=\"14\">\n<li><strong><u> Anwendbares Recht<\/u><\/strong><\/li>\n<\/ol>\n<p>Diese Nutzungsbedingungen sowie die allgemeine Nutzung dieser Webseite unterliegen dem griechischen Recht. F\u00fcr die Beilegung von Streitigkeiten im Zusammenhang mit dieser Webseite sind ausschlie\u00dflich die Gerichte von Athen verantwortlich.<\/p>\n<p>&nbsp;<\/p>\n<ol start=\"15\">\n<li><strong><u> Kontakt<\/u><\/strong><\/li>\n<\/ol>\n<p>Sollten Sie Fragen zu dieser Richtlinie haben, k\u00f6nnen Sie sich unter folgender Adresse an uns wenden:<\/p>\n<p>\u2022 Per Post: MANTZARIS SA, Thesi Tsakiri, Zevgolatio Korinthias, PLZ 200 01, Griechenland<\/p>\n<p>\u2022 Per Tel.: (+30) 27410 54900, 51900, 54400, 51666<\/p>\n<p>\u2022 Per Fax: (+30) 27410 51901<\/p>\n<p>\u2022 Per E-Mail: <a href=\"mailto:info@mantzaris-film.com\">info@mantzaris-film.com<\/a><\/p>\n<p>Wir werden uns bem\u00fchen, Ihre Anfrage so schnell wie m\u00f6glich zu beantworten.<\/p>\n<p>&nbsp;<\/p>\n<p><strong>Copyright\u00ae 2019 Eurofilm Alle Rechte vorbehalten<\/strong><\/p>\n","protected":false},"excerpt":{"rendered":"<p>Letzte Aktualisierung: November \u00a02019 &nbsp; MANTZARIS SA Thesi Tsakiri Zevgolatio Korinthias PLZ 200 01, Griechenland Tel.: (+30) 27410 54900, 51900, 54400, 51666 Fax: (+30) 27410 51901 AR.M.A.E.-Nr.:1 35553\/024\/\u0392\/96\/0006 G.E.MI.-Nr.:2 115224537000 &nbsp; 1Nummer des Registers der Aktiengesellschaften 2Nummer des Registers der \u00a0Handelskammer &nbsp; Einleitung Diese Webseite www.eurofilm.gr (die &#8222;Webseite&#8220;) und ihre einzelnen Webseiten sind Eigentum der [&hellip;]<\/p>\n","protected":false},"author":1,"featured_media":0,"parent":0,"menu_order":81,"comment_status":"closed","ping_status":"closed","template":"templates\/template-policy.php","meta":{"_acf_changed":false,"inline_featured_image":false,"footnotes":""},"class_list":["post-2346","page","type-page","status-publish","hentry"],"acf":[],"yoast_head":"<!-- This site is optimized with the Yoast SEO plugin v26.1.1 - https:\/\/yoast.com\/wordpress\/plugins\/seo\/ -->\n<title>NUTZUNGSBEDINGUNGEN DER WEBSEITE - Mantzaris SA<\/title>\n<meta name=\"robots\" content=\"index, follow, max-snippet:-1, max-image-preview:large, max-video-preview:-1\" \/>\n<link rel=\"canonical\" href=\"https:\/\/www.mantzaris-film.com\/de\/terms-and-conditions\/\" \/>\n<meta property=\"og:locale\" content=\"de_DE\" \/>\n<meta property=\"og:type\" content=\"article\" \/>\n<meta property=\"og:title\" content=\"NUTZUNGSBEDINGUNGEN DER WEBSEITE - Mantzaris SA\" \/>\n<meta property=\"og:description\" content=\"Letzte Aktualisierung: November \u00a02019 &nbsp; MANTZARIS SA Thesi Tsakiri Zevgolatio Korinthias PLZ 200 01, Griechenland Tel.: (+30) 27410 54900, 51900, 54400, 51666 Fax: (+30) 27410 51901 AR.M.A.E.-Nr.:1 35553\/024\/\u0392\/96\/0006 G.E.MI.-Nr.:2 115224537000 &nbsp; 1Nummer des Registers der Aktiengesellschaften 2Nummer des Registers der \u00a0Handelskammer &nbsp; Einleitung Diese Webseite www.eurofilm.gr (die &#8222;Webseite&#8220;) und ihre einzelnen Webseiten sind Eigentum der [&hellip;]\" \/>\n<meta property=\"og:url\" content=\"https:\/\/www.mantzaris-film.com\/de\/terms-and-conditions\/\" \/>\n<meta property=\"og:site_name\" content=\"Mantzaris SA\" \/>\n<meta property=\"article:modified_time\" content=\"2019-11-12T09:51:11+00:00\" \/>\n<meta name=\"twitter:card\" content=\"summary_large_image\" \/>\n<meta name=\"twitter:label1\" content=\"Est. reading time\" \/>\n\t<meta name=\"twitter:data1\" content=\"7 Minuten\" \/>\n<!-- \/ Yoast SEO plugin. -->","yoast_head_json":{"title":"NUTZUNGSBEDINGUNGEN DER WEBSEITE - Mantzaris SA","robots":{"index":"index","follow":"follow","max-snippet":"max-snippet:-1","max-image-preview":"max-image-preview:large","max-video-preview":"max-video-preview:-1"},"canonical":"https:\/\/www.mantzaris-film.com\/de\/terms-and-conditions\/","og_locale":"de_DE","og_type":"article","og_title":"NUTZUNGSBEDINGUNGEN DER WEBSEITE - Mantzaris SA","og_description":"Letzte Aktualisierung: November \u00a02019 &nbsp; MANTZARIS SA Thesi Tsakiri Zevgolatio Korinthias PLZ 200 01, Griechenland Tel.: (+30) 27410 54900, 51900, 54400, 51666 Fax: (+30) 27410 51901 AR.M.A.E.-Nr.:1 35553\/024\/\u0392\/96\/0006 G.E.MI.-Nr.:2 115224537000 &nbsp; 1Nummer des Registers der Aktiengesellschaften 2Nummer des Registers der \u00a0Handelskammer &nbsp; Einleitung Diese Webseite www.eurofilm.gr (die &#8222;Webseite&#8220;) und ihre einzelnen Webseiten sind Eigentum der [&hellip;]","og_url":"https:\/\/www.mantzaris-film.com\/de\/terms-and-conditions\/","og_site_name":"Mantzaris SA","article_modified_time":"2019-11-12T09:51:11+00:00","twitter_card":"summary_large_image","twitter_misc":{"Est. reading time":"7 Minuten"},"schema":{"@context":"https:\/\/schema.org","@graph":[{"@type":"WebPage","@id":"https:\/\/www.mantzaris-film.com\/de\/terms-and-conditions\/","url":"https:\/\/www.mantzaris-film.com\/de\/terms-and-conditions\/","name":"NUTZUNGSBEDINGUNGEN DER WEBSEITE - Mantzaris SA","isPartOf":{"@id":"https:\/\/www.mantzaris-film.com\/de\/#website"},"datePublished":"2019-11-06T13:49:02+00:00","dateModified":"2019-11-12T09:51:11+00:00","breadcrumb":{"@id":"https:\/\/www.mantzaris-film.com\/de\/terms-and-conditions\/#breadcrumb"},"inLanguage":"de-DE","potentialAction":[{"@type":"ReadAction","target":["https:\/\/www.mantzaris-film.com\/de\/terms-and-conditions\/"]}]},{"@type":"BreadcrumbList","@id":"https:\/\/www.mantzaris-film.com\/de\/terms-and-conditions\/#breadcrumb","itemListElement":[{"@type":"ListItem","position":1,"name":"Home","item":"https:\/\/www.mantzaris-film.com\/de\/"},{"@type":"ListItem","position":2,"name":"NUTZUNGSBEDINGUNGEN DER WEBSEITE"}]},{"@type":"WebSite","@id":"https:\/\/www.mantzaris-film.com\/de\/#website","url":"https:\/\/www.mantzaris-film.com\/de\/","name":"Mantzaris SA","description":"Mantzaris SA is a plastic film industry that manufactures &amp; sells a variery of plastics such as films for agricultural, industrial and consumer use.","publisher":{"@id":"https:\/\/www.mantzaris-film.com\/de\/#organization"},"potentialAction":[{"@type":"SearchAction","target":{"@type":"EntryPoint","urlTemplate":"https:\/\/www.mantzaris-film.com\/de\/?s={search_term_string}"},"query-input":{"@type":"PropertyValueSpecification","valueRequired":true,"valueName":"search_term_string"}}],"inLanguage":"de-DE"},{"@type":"Organization","@id":"https:\/\/www.mantzaris-film.com\/de\/#organization","name":"\u0392\u03b9\u03bf\u03bc\u03b7\u03c7\u03b1\u03bd\u03af\u03b1 \u03a0\u03bb\u03b1\u03c3\u03c4\u03b9\u03ba\u03ce\u03bd \u03a6\u03b9\u03bb\u03bc | EUROFILM \u039c\u0391\u039d\u03a4\u0396\u0391\u03a1\u0397\u03a3 \u0391.\u0395","url":"https:\/\/www.mantzaris-film.com\/de\/","logo":{"@type":"ImageObject","inLanguage":"de-DE","@id":"https:\/\/www.mantzaris-film.com\/de\/#\/schema\/logo\/image\/","url":"https:\/\/www.mantzaris-film.com\/wp-content\/uploads\/2018\/09\/mantzaris.png","contentUrl":"https:\/\/www.mantzaris-film.com\/wp-content\/uploads\/2018\/09\/mantzaris.png","width":400,"height":92,"caption":"\u0392\u03b9\u03bf\u03bc\u03b7\u03c7\u03b1\u03bd\u03af\u03b1 \u03a0\u03bb\u03b1\u03c3\u03c4\u03b9\u03ba\u03ce\u03bd \u03a6\u03b9\u03bb\u03bc | EUROFILM \u039c\u0391\u039d\u03a4\u0396\u0391\u03a1\u0397\u03a3 \u0391.\u0395"},"image":{"@id":"https:\/\/www.mantzaris-film.com\/de\/#\/schema\/logo\/image\/"}}]}},"_links":{"self":[{"href":"https:\/\/www.mantzaris-film.com\/de\/wp-json\/wp\/v2\/pages\/2346","targetHints":{"allow":["GET"]}}],"collection":[{"href":"https:\/\/www.mantzaris-film.com\/de\/wp-json\/wp\/v2\/pages"}],"about":[{"href":"https:\/\/www.mantzaris-film.com\/de\/wp-json\/wp\/v2\/types\/page"}],"author":[{"embeddable":true,"href":"https:\/\/www.mantzaris-film.com\/de\/wp-json\/wp\/v2\/users\/1"}],"replies":[{"embeddable":true,"href":"https:\/\/www.mantzaris-film.com\/de\/wp-json\/wp\/v2\/comments?post=2346"}],"version-history":[{"count":5,"href":"https:\/\/www.mantzaris-film.com\/de\/wp-json\/wp\/v2\/pages\/2346\/revisions"}],"predecessor-version":[{"id":2385,"href":"https:\/\/www.mantzaris-film.com\/de\/wp-json\/wp\/v2\/pages\/2346\/revisions\/2385"}],"wp:attachment":[{"href":"https:\/\/www.mantzaris-film.com\/de\/wp-json\/wp\/v2\/media?parent=2346"}],"curies":[{"name":"wp","href":"https:\/\/api.w.org\/{rel}","templated":true}]}}