{"id":2521,"date":"2020-01-30T13:25:25","date_gmt":"2020-01-30T11:25:25","guid":{"rendered":"https:\/\/www.mantzaris-film.com\/?page_id=2521"},"modified":"2025-08-28T14:55:54","modified_gmt":"2025-08-28T11:55:54","slug":"code-of-ethics","status":"publish","type":"page","link":"https:\/\/www.mantzaris-film.com\/de\/code-of-ethics\/","title":{"rendered":"ETHIK- UND VERHALTENSKODEX"},"content":{"rendered":"<p><strong>Ziel<\/strong><\/p>\n<p>Der folgende Text stellt den Ethik- und Verhaltenskodex von Eurofilm \u039c\u0391\u039d\u03a4\u0396\u0391RIS S.A. dar. Der Kodex wurde:<\/p>\n<ul style=\"list-style-type: disc;\">\n<li>dem gesamten Personal und<\/li>\n<li>allen Interessensgruppen,<\/li>\n<\/ul>\n<p>mittels der Webseite des Unternehmens bekannt gegeben.<\/p>\n<p>Folgend werden die Grunds\u00e4tze des Betriebs von Eurofilm \u039c\u0391\u039d\u03a4\u0396\u0391RIS S.A. aufgef\u00fchrt:<\/p>\n<ul style=\"list-style-type: disc;\">\n<li>Achtung der Menschenrechte<\/li>\n<li>Einhaltung der Arbeitsrechts<\/li>\n<li>Transparenz im Umgang mit Kunden \/ Lieferanten \/ Kontrollorganen<\/li>\n<\/ul>\n<p>&amp; zus\u00e4tzlich,<\/p>\n<ul style=\"list-style-type: disc;\">\n<li>Die Herstellung von Produkten konstanter Qualit\u00e4t und anwendungsgerechter Sicherheit<\/li>\n<li>Achtung des Umweltschutzes<\/li>\n<\/ul>\n<p>Die letzten beiden Grunds\u00e4tze werden von den angewandten Qualit\u00e4tsmanagementsystemen, der Materialsicherheit und dem Umweltmanagement, abgedeckt. Die Richtlinien sind im Anhang beigef\u00fcgt.<\/p>\n<p><strong>Beanstandungen \/ Beschwerden<\/strong><\/p>\n<p>Alle Beanstandungen und \/ oder Beschwerden bez\u00fcglich dieses Kodex werden telefonisch entgegengenommen oder per E-Mail an <a href=\"mailto:customerservice@mantzaris-film.com\">customerservice@mantzaris-film.com<\/a> gerichtet.<\/p>\n<p>Insbesondere f\u00fcr Angestellte des Unternehmens gibt es die M\u00f6glichkeit der Beanstandung und \/ oder der Beschwerde (anonym oder namentlich) \u00fcber die Meldek\u00e4sten in den gemeinsam genutzten Bereichen der Anlage. Alle Beanstandungen und Beschwerden werden von der Gesch\u00e4ftsf\u00fchrung vertraulich behandelt.<\/p>\n<p><strong>\u00a0<\/strong><\/p>\n<ol>\n<li><strong>Grundsatz<\/strong><strong>: <\/strong><strong>Achtung der Menschenrechte<\/strong><\/li>\n<\/ol>\n<p><strong>Besch\u00e4ftigung<\/strong><strong> von Minderj\u00e4hrigen \/ Kindern<\/strong><\/p>\n<p>Eurofilm \u039c\u0391\u039d\u03a4\u0396\u0391RIS S.A. besch\u00e4ftigt ausschlie\u00dflich Personen, die \u00e4lter sind als in der einschl\u00e4gigen Gesetzgebung vorgeschrieben.<\/p>\n<p><strong>Nichtdiskriminierung<\/strong><\/p>\n<p>Eurofilm \u039c\u0391\u039d\u03a4\u0396\u0391RIS S.A. gew\u00e4hrleistet die Nichtdiskriminierung aufgrund von:<\/p>\n<ul style=\"list-style-type: disc;\">\n<li>Rasse<\/li>\n<li>Religion<\/li>\n<li>Hautfarbe<\/li>\n<li>Herkunft<\/li>\n<li>Alter<\/li>\n<li>besonderen Bed\u00fcrfnissen<\/li>\n<li>politischen \u00dcberzeugungen und<\/li>\n<li>Geschlecht oder Familienstand.<\/li>\n<\/ul>\n<p><strong>Vermeidung von Bel\u00e4stigung und Gewalt <\/strong><\/p>\n<p>Eurofilm \u039c\u0391\u039d\u03a4\u0396\u0391RIS S.A. stellt sicher, dass alle Angestellten w\u00e4hrend ihrer Arbeit keinerlei Bel\u00e4stigung oder Gewalt (physisch, sexuell, psychisch, verbal usw.) ausgesetzt sind.<\/p>\n<p><strong>\u00a0<\/strong><\/p>\n<ol start=\"2\">\n<li><strong>Grundsatz<\/strong><strong>: <\/strong><strong>Einhaltung des Arbeitsrechts<\/strong><\/li>\n<\/ol>\n<p><strong>\u00a0<\/strong><strong>Arbeitsverh\u00e4ltnis \u2013 Arbeitnehmerentgelt<\/strong><\/p>\n<p>Die Beziehung von Eurofilm \u039c\u0391\u039d\u03a4\u0396\u0391RIS S.A. zu seinen Angestellten unterliegt w\u00e4hrend der gesamten Dauer des Arbeitsverh\u00e4ltnisses von der Einstellung (Arbeit, Entlohnung) bis zur Beendigung der Zusammenarbeit (Ruhestand, R\u00fccktritt, Entlassung) den geltenden Gesetzen und den internationalen Standards der International Labor Organization (ILO).<\/p>\n<p>Die Auswahl und Einstellung von Angestellten basiert auf objektiven Kriterien sowie auf Grunds\u00e4tzen und Regeln, die eine transparente und objektive Auswahl des Bewerbers gew\u00e4hrleisten.<\/p>\n<p>Den Angestellten steht es frei, das Unternehmen gem\u00e4\u00df den gesetzlichen Bestimmungen durch Einreichung ihrer K\u00fcndigung jederzeit zu verlassen.<\/p>\n<p>Eurofilm \u039c\u0391\u039d\u03a4\u0396\u0391RIS S.A. h\u00e4lt sich an das geltende Arbeitsrecht in Bezug auf Arbeitszeiten und die Gew\u00e4hrung von Urlaubstagen (aller Arten) den Angestellten und respektiert zudem ihre Privatsph\u00e4re.<\/p>\n<p>Die Bezahlung richtet sich nach der Arbeitsstelle, in \u00dcbereinstimmung mit den jeweils geltenden Gesetzen.<\/p>\n<p><strong>Arbeitszeiten<\/strong><\/p>\n<p>Eurofilm \u039c\u0391\u039d\u03a4\u0396\u0391RIS S.A. h\u00e4lt sich strikt an die geltenden Gesetze bez\u00fcglich der Arbeitszeiten der Angestellten.<\/p>\n<p>Eurofilm \u039c\u0391\u039d\u03a4\u0396\u0391RIS S.A. lehnt jede Form von Zwangs- oder Pflichtarbeit ab.<\/p>\n<p><strong>Sicherheit bei der Arbeitsausf\u00fchrung<\/strong><\/p>\n<p>Eurofilm \u039c\u0391\u039d\u03a4\u0396\u0391RIS S.A. investiert fortlaufend in die Verbesserung der Infrastruktur und der Arbeitsbedingungen, um die Gesundheit und Sicherheit der Angestellten und Mitarbeiter innerhalb der Anlage, unter Ber\u00fccksichtigung der geltenden Gesetze und dem Kodex bew\u00e4hrter Gesch\u00e4ftspraktiken, zu gew\u00e4hrleisten.<\/p>\n<p>Es finden f\u00fcr alle Angestellten Seminare zur Hygiene und Sicherheit am Arbeitsplatz statt und zus\u00e4tzlich werden sie mit der erforderlichen pers\u00f6nlichen Schutzausr\u00fcstung versorgt, die durch entsprechende Bewertung ermittelt wird.<\/p>\n<p><strong>Das Recht, an kollektiven Aktionen teilzunehmen<\/strong><\/p>\n<p>Eurofilm \u039c\u0391\u039d\u03a4\u0396\u0391RIS S.A. respektiert die Gewerkschaftsrechte der Arbeitnehmer im Sinne des geltenden Rechts.<\/p>\n<p>&nbsp;<\/p>\n<ol>\n<li><strong>Grundsatz: Transparenz im Umgang mit Beh\u00f6rden \/ Kunden \/ Lieferanten \/ Kontrollorganen<\/strong><\/li>\n<\/ol>\n<p><strong><em>Versorgung<\/em><\/strong><\/p>\n<p>Eurofilm \u039c\u0391\u039d\u03a4\u0396\u0391RIS S.A. strebt solide Partnerschaften mit vertrauensw\u00fcrdigen Lieferanten an, die auf gegenseitigem Vertrauen und der Einhaltung der in diesem Kodex dargelegten Grunds\u00e4tze beruhen.<\/p>\n<p>Die Gebotsbewertungen basieren auf objektiven Kriterien. Es ist verboten, rechtswidrige Provisionen, Bestechungsgelder oder \u00e4hnliche Zahlungen jeglicher Art bereitzustellen oder entgegenzunehmen.<\/p>\n<p>In solchen F\u00e4llen sollte der Partner Eurofilm \u039c\u0391\u039d\u03a4\u0396\u0391RIS S.A. unbedingt in Kenntnis setzen.<\/p>\n<p><strong><em>Bestechung<\/em><\/strong><\/p>\n<p>Eurofilm \u039c\u0391\u039d\u03a4\u0396\u0391RIS S.A. ist gegen jede Form von Bestechung (direkt oder indirekt) zum gesch\u00e4ftlichen oder finanziellen Vorteil. Die Angestellten von Eurofilm bieten oder erhalten keine Geschenke oder Zahlungen, die als Bestechung ausgelegt werden k\u00f6nnten.<\/p>\n<p>In solchen F\u00e4llen sind die Angestellten verpflichtet die Gesch\u00e4ftsf\u00fchrung unverz\u00fcglich davon in Kenntnis zu setzen.<\/p>\n<p><strong><em>Finanzmanagement<\/em><\/strong><\/p>\n<p>Das Finanzmanagement von Eurofilm \u039c\u0391\u039d\u03a4\u0396\u0391RIS S.A. ist von Transparenz gekennzeichnet. Das Personal, das an der Erhebung, Verarbeitung und Aufzeichnung der Informationen beteiligt ist, tr\u00e4gt die Verantwortung f\u00fcr die Richtigkeit der Daten.<\/p>\n<p>&nbsp;<\/p>\n<p><strong>Sonstige<\/strong> <strong>Grunds<\/strong><strong>\u00e4<\/strong><strong>tze<\/strong><\/p>\n<p><strong><em>Schutz personenbezogener Daten<\/em><\/strong><\/p>\n<p>Eurofilm \u039c\u0391\u039d\u03a4\u0396\u0391RIS S.A. ist besonders sensibilisiert bez\u00fcglich des Schutzes personenbezogener Daten.<\/p>\n<p>Jede Verarbeitung personenbezogener Daten durch Eurofilm unterliegt den Grunds\u00e4tzen der Rechtm\u00e4\u00dfigkeit, Objektivit\u00e4t, Transparenz, Zweckbindung, Datenminimierung, Genauigkeit, Integrit\u00e4t und\u00a0Vertraulichkeit der Daten sowie der Beschr\u00e4nkung ihrer Speicherdauer gem\u00e4\u00df geltendem Recht, einschlie\u00dflich der Datenschutz-Grundverordnung (DSGVO).<\/p>\n<p>Eurofilm \u039c\u0391\u039d\u03a4\u0396\u0391RIS S.A. erhebt und verarbeitet personenbezogene Daten basierend gegebenenfalls auf einer der folgenden Rechtsgrundlagen:<\/p>\n<p>(a) weil die Verarbeitung f\u00fcr die Erf\u00fcllung eines Vertrags erforderlich ist, wobei die betroffene Person eine Vertragspartei ist,<\/p>\n<p>(b) weil Eurofilm \u039c\u0391\u039d\u03a4\u0396\u0391RIS S.A. gesetzlich dazu verpflichtet ist,<\/p>\n<p>(c) weil Eurofilm \u039c\u0391\u039d\u03a4\u0396\u0391RIS S.A. ein berechtigtes Interesse an der Verarbeitung solcher Daten hat,<\/p>\n<p>d) weil die betroffene Person der zweckgebundenen Datenverarbeitung zugestimmt hat und<\/p>\n<p>(e) gegebenenfalls zum Schutz eines f\u00fcr das Leben jeglicher Person wesentlichen Interesses.<\/p>\n<p>Die betroffenen Personen (gegebenenfalls Angestellte, Kunden, Lieferanten, Benutzer der Eurofilm-Webseite usw.) werden von Eurofilm in angemessener Weise \u00fcber Angelegenheiten im Zusammenhang mit der Verarbeitung ihrer personenbezogenen Daten informiert (beispielsweise bez\u00fcglich des Zwecks der Verarbeitung, der Empf\u00e4nger der Daten, der Dauer der Speicherung, der Rechtsgrundlage f\u00fcr die Verarbeitung, der Rechte der betroffenen Personen), wie es das anwendbare Recht vorsieht. Die Informationen sind f\u00fcr die betroffenen Personen verf\u00fcgbar, wenn die Daten zum ersten Mal erhoben werden und nach Anfrage.<\/p>\n<p>Eurofilm \u039c\u0391\u039d\u03a4\u0396\u0391RIS S.A. informiert und schult alle Angestellten, damit sie eine umfassende und vollst\u00e4ndige Kenntnis \u00fcber die Sicherheit und den Schutz personenbezogener Daten erlangen.<\/p>\n<p>Anfragen zu Angelegenheiten personenbezogener Daten k\u00f6nnen per Post an den Hauptsitz des Unternehmens Eurofilm (z.Hd. des Verantwortlichen f\u00fcr personenbezogene Daten) oder per E-Mail an <a href=\"mailto:privacy@mantzaris-film.com\">privacy@mantzaris-film.com<\/a> gesendet werden.<\/p>\n<p>&nbsp;<\/p>\n<p><strong><em>Vertraulichkeit<\/em><\/strong><\/p>\n<p>Die Angestellten von Eurofilm \u039c\u0391\u039d\u03a4\u0396\u0391RIS S.A. verpflichten sich, im Zuge der Erf\u00fcllung ihrer Pflichten oder bei Transaktionen mit Dritten keine vertraulichen oder geheimen Informationen (einschlie\u00dflich Informationen der Kunden, verbundener Unternehmen usw.) in jeglicher Weise offenzulegen oder bereitzustellen.<\/p>\n<p>Vertraulich oder geheim sind Informationen, die nicht offengelegt werden oder der \u00d6ffentlichkeit zug\u00e4nglich sind (beispielsweise finanzielle oder technische Daten,<\/p>\n<p>Preisinformationen, Kunden-Lieferanten-Listen, Vertr\u00e4ge, personenbezogene Daten, \u00dcbernahme- oder Fusionspl\u00e4ne, strategische Ziele, Informationen zur Unternehmensentwicklung usw.).<\/p>\n<p>Dar\u00fcber hinaus hat das Personal absolute Vertraulichkeit einzuhalten in geheimen oder vertraulichen Angelegenheiten der geltenden Rechtsvorschriften.<\/p>\n<p>Vertrauliche oder geheime Informationen k\u00f6nnen auch Informationen im Zusammenhang mit den Urheberrechten oder Patenten von Eurofilm sein.<\/p>\n<p>Es liegt in der Verantwortung des Personals von Eurofilm \u039c\u0391\u039d\u03a4\u0396\u0391RIS S.A., vertrauliche oder geheime Informationen unabh\u00e4ngig von der Art und dem Grund ihres Besitzes und ihrer Kenntnis, zu sch\u00fctzen und sie nicht an Personen au\u00dferhalb des Unternehmens weiterzugeben, einschlie\u00dflich ihrer Familienangeh\u00f6rigen und ihrem Freundeskreis. Diese Verpflichtung besteht w\u00e4hrend der gesamten Dauer des Arbeitsverh\u00e4ltnisses und nach dessen Beendigung aus jeglichem Grund.<\/p>\n<p><strong>\u00a0<\/strong><\/p>\n<p><strong>ANHANG<\/strong><\/p>\n<p>&nbsp;<\/p>\n<ol>\n<li><strong><u>QUALIT\u00c4TSRICHTLINIE<\/u><\/strong><\/li>\n<\/ol>\n<p>Vision von Eurofilm MANZARIS A.E. ist es, eine f\u00fchrende Position auf dem griechischen Markt zu behaupten und seinen Namen als Synonym f\u00fcr hohe Qualit\u00e4t bei Kunststofffolien zu etablieren.<\/p>\n<p>Die Qualit\u00e4tsrichtlinie der Eurofilm MANTZARIS SA besteht im Prinzip in der vollst\u00e4ndigen Zufriedenheit ihrer Kunden bei jedem Gesch\u00e4ft mit dem Unternehmen und in der st\u00e4ndigen Verbesserung der Qualit\u00e4t der angebotenen Produkte, um ihre Bed\u00fcrfnisse v\u00f6llig abzudecken.<\/p>\n<p>Zu diesem Zweck arbeitet die Eurofilm MANTZARIS SA mit f\u00fchrenden Unternehmen in Griechenland und im Ausland zusammen, indem sie die erhaltenen Rohstoffe \u00fcberpr\u00fcft, und setzt gleichzeitig ein Qualit\u00e4tsmanagementsystem gem\u00e4\u00df der Norm ISO 9001:2015 und\u00a0 &amp; BRCGS Packaging Materials Global Standard, die mit ihren Bed\u00fcrfnissen und Zielen \u00fcbereinstimmen, sowie ISO 14001:2015 f\u00fcr Umweltmanagement.<\/p>\n<p>Wir alle, die Gesch\u00e4ftsf\u00fchrung und das Personal der Eurofilm MANTZARIS SA, im Glauben an der st\u00e4ndigen Verbesserung, verschreiben uns folgender Ziele:<\/p>\n<ol>\n<li>Die getreue Umsetzung und kontinuierliche Verbesserung der Qualit\u00e4ts- und Produktionssicherheitssysteme nach ISO 9001:2015, &amp; BRCGS.<\/li>\n<li>Die \u00dcberwachung aller kritischen Punkte und erforderlichen Programme, um die Hygiene und Sicherheit der hergestellten Produkte zu gew\u00e4hrleisten.<\/li>\n<li>Die getreue Anwendung der ISCC PLUS-Anforderungen f\u00fcr die Realisierung von Produkten mit zertifiziertem Recyclingmaterial.<\/li>\n<li>Die kontinuierliche Weiterbildung der Mitarbeiter, um ein hohes Know-how zu gew\u00e4hrleisten und das jeder wei\u00df, dass es sich um Qualit\u00e4t handelt und die Anforderungen, die sich aus unseren Zertifizierungen ergeben.<\/li>\n<li>Die kontinuierliche Modernisierung und Nutzung der M\u00f6glichkeiten der Technik f\u00fcr eine m\u00f6glichst effiziente und effektive Aufgabeerf\u00fcllung.<\/li>\n<li>Die Einhaltung und Umsetzung der griechischen und gemeinschaftlichen Gesetzgebung in Bezug auf die hergestellten Produkte und die Umwelt.<\/li>\n<li>Die Reduzierung fehlerhafter Produkte w\u00e4hrend der Produktion.<\/li>\n<li>Die kontinuierliche Verbesserung der Kundenzufriedenheit.<\/li>\n<li>Kontinuierliche Innovation in Bezug auf die Entwicklung neuer Produkte.<\/li>\n<li>Die Entwicklung einer Kultur der Qualit\u00e4t und Sicherheit der produzierten Materialien.<\/li>\n<\/ol>\n<p>Wir hoffen, dass all dies nicht nur zum bestm\u00f6glichen Bild des Unternehmens auf dem Markt f\u00fchrt, sondern auch zu einem Gef\u00fchl des Stolzes und der Zufriedenheit f\u00fcr uns alle, die Gesch\u00e4ftsf\u00fchrung und das Personal, die f\u00fcr den Fortschritt der Eurofilm MANTZARIS SA arbeiten.<\/p>\n<p><strong><em>Erstellungs<\/em><\/strong><strong><em>datum: 06\/03\/2025<\/em><\/strong><\/p>\n<p>&nbsp;<\/p>\n<ol start=\"2\">\n<li><strong><u>UMWELTRICHTLINIE<\/u><\/strong><\/li>\n<\/ol>\n<p>Durch die Entwicklung des Umweltmanagementsystems nach <strong>ISO 14001:2015<\/strong> erkennt die <strong>Eurofilm MANTZARIS SA<\/strong> ihre Verantwortungen und Verpflichtungen gegen\u00fcber der Umwelt und dem Menschen an und verpflichtet sich:<\/p>\n<ul>\n<li>zur andauernden Verbesserung ihrer Umweltleistung und ihres Umweltmanagementsystems<\/li>\n<li>zur Einhaltung der Umweltgesetzgebung<\/li>\n<li>zum Schutz der Umwelt und zur Vermeidung von Umweltverschmutzung<\/li>\n<li>zur Erf\u00fcllung aller Anforderungen nach ihrer Lizenzierung<\/li>\n<\/ul>\n<p>Durch die Entwicklung des Umweltmanagementsystems nach ISO 14001 \u00fcber:<\/p>\n<p><strong>DEN ENTWURF, DIE HERSTELLUNG UND VERMARKTUNG VON KUNSTSTOFFFOLIEN (MIT KONVENTIONELLEN, BIOGENEN, BIOABBAUBAREN ROHSTOFFEN).<\/strong><\/p>\n<p><strong>DIE HERSTELLUNG UND VERMARKTUNG VON KUNSTSTOFFFOLIEN-VERARBEITUNGSPRODUKTEN.<\/strong><\/p>\n<p><strong>DIE HERSTELLUNG VON POLYETHYLENROHREN.<\/strong><\/p>\n<p>hat das Unternehmen alle Umweltparameter im Zusammenhang mit seinen Aktivit\u00e4ten festgelegt und Verfahren und Programme entwickelt, um seine Umweltleistung st\u00e4ndig zu verbessern.<\/p>\n<p>Die Umweltrichtlinie des Unternehmens konzentriert sich auf:<\/p>\n<ul>\n<li>Die Energieeinsparung durch die Entwicklung eines Systems zur \u00dcberwachung des Verbrauchs von Naturressourcen<\/li>\n<li>Die Bewirtschaftung fester Abf\u00e4lle, wobei deren getrennte Sammlung und Wiederverwertung Vorrang hat.<\/li>\n<li>Die st\u00e4ndige Benachrichtigung der obersten Gesch\u00e4ftsf\u00fchrung und des Personals zu Umweltfragen<\/li>\n<li>Die kontinuierliche Schulung und Benachrichtigung des Personals zu Umweltfragen<\/li>\n<\/ul>\n<p>Die Umweltrichtlinie des Unternehmens wird ver\u00f6ffentlicht, \u00fcbermittelt, umgesetzt und unterst\u00fctzt von jedem\/r Mitarbeiter\/in des Unternehmens.<\/p>\n<p><strong><em>\u00a0<\/em><\/strong><\/p>\n<p><strong><em>Erstellungs<\/em><\/strong><strong><em>datum: 18\/01\/2021<\/em><\/strong><\/p>\n","protected":false},"excerpt":{"rendered":"<p>Ziel Der folgende Text stellt den Ethik- und Verhaltenskodex von Eurofilm \u039c\u0391\u039d\u03a4\u0396\u0391RIS S.A. dar. Der Kodex wurde: dem gesamten Personal und allen Interessensgruppen, mittels der Webseite des Unternehmens bekannt gegeben. Folgend werden die Grunds\u00e4tze des Betriebs von Eurofilm \u039c\u0391\u039d\u03a4\u0396\u0391RIS S.A. aufgef\u00fchrt: Achtung der Menschenrechte Einhaltung der Arbeitsrechts Transparenz im Umgang mit Kunden \/ Lieferanten \/ [&hellip;]<\/p>\n","protected":false},"author":1,"featured_media":0,"parent":0,"menu_order":113,"comment_status":"closed","ping_status":"closed","template":"templates\/template-policy.php","meta":{"_acf_changed":false,"inline_featured_image":false,"footnotes":""},"class_list":["post-2521","page","type-page","status-publish","hentry"],"acf":[],"yoast_head":"<!-- This site is optimized with the Yoast SEO plugin v26.1.1 - https:\/\/yoast.com\/wordpress\/plugins\/seo\/ -->\n<title>ETHIK- UND VERHALTENSKODEX - Mantzaris SA<\/title>\n<meta name=\"robots\" content=\"index, follow, max-snippet:-1, max-image-preview:large, max-video-preview:-1\" \/>\n<link rel=\"canonical\" href=\"https:\/\/www.mantzaris-film.com\/de\/code-of-ethics\/\" \/>\n<meta property=\"og:locale\" content=\"de_DE\" \/>\n<meta property=\"og:type\" content=\"article\" \/>\n<meta property=\"og:title\" content=\"ETHIK- UND VERHALTENSKODEX - Mantzaris SA\" \/>\n<meta property=\"og:description\" content=\"Ziel Der folgende Text stellt den Ethik- und Verhaltenskodex von Eurofilm \u039c\u0391\u039d\u03a4\u0396\u0391RIS S.A. dar. Der Kodex wurde: dem gesamten Personal und allen Interessensgruppen, mittels der Webseite des Unternehmens bekannt gegeben. Folgend werden die Grunds\u00e4tze des Betriebs von Eurofilm \u039c\u0391\u039d\u03a4\u0396\u0391RIS S.A. aufgef\u00fchrt: Achtung der Menschenrechte Einhaltung der Arbeitsrechts Transparenz im Umgang mit Kunden \/ Lieferanten \/ [&hellip;]\" \/>\n<meta property=\"og:url\" content=\"https:\/\/www.mantzaris-film.com\/de\/code-of-ethics\/\" \/>\n<meta property=\"og:site_name\" content=\"Mantzaris SA\" \/>\n<meta property=\"article:modified_time\" content=\"2025-08-28T11:55:54+00:00\" \/>\n<meta name=\"twitter:card\" content=\"summary_large_image\" \/>\n<meta name=\"twitter:label1\" content=\"Est. reading time\" \/>\n\t<meta name=\"twitter:data1\" content=\"9 Minuten\" \/>\n<!-- \/ Yoast SEO plugin. -->","yoast_head_json":{"title":"ETHIK- UND VERHALTENSKODEX - Mantzaris SA","robots":{"index":"index","follow":"follow","max-snippet":"max-snippet:-1","max-image-preview":"max-image-preview:large","max-video-preview":"max-video-preview:-1"},"canonical":"https:\/\/www.mantzaris-film.com\/de\/code-of-ethics\/","og_locale":"de_DE","og_type":"article","og_title":"ETHIK- UND VERHALTENSKODEX - Mantzaris SA","og_description":"Ziel Der folgende Text stellt den Ethik- und Verhaltenskodex von Eurofilm \u039c\u0391\u039d\u03a4\u0396\u0391RIS S.A. dar. Der Kodex wurde: dem gesamten Personal und allen Interessensgruppen, mittels der Webseite des Unternehmens bekannt gegeben. Folgend werden die Grunds\u00e4tze des Betriebs von Eurofilm \u039c\u0391\u039d\u03a4\u0396\u0391RIS S.A. aufgef\u00fchrt: Achtung der Menschenrechte Einhaltung der Arbeitsrechts Transparenz im Umgang mit Kunden \/ Lieferanten \/ [&hellip;]","og_url":"https:\/\/www.mantzaris-film.com\/de\/code-of-ethics\/","og_site_name":"Mantzaris SA","article_modified_time":"2025-08-28T11:55:54+00:00","twitter_card":"summary_large_image","twitter_misc":{"Est. reading time":"9 Minuten"},"schema":{"@context":"https:\/\/schema.org","@graph":[{"@type":"WebPage","@id":"https:\/\/www.mantzaris-film.com\/de\/code-of-ethics\/","url":"https:\/\/www.mantzaris-film.com\/de\/code-of-ethics\/","name":"ETHIK- UND VERHALTENSKODEX - Mantzaris SA","isPartOf":{"@id":"https:\/\/www.mantzaris-film.com\/de\/#website"},"datePublished":"2020-01-30T11:25:25+00:00","dateModified":"2025-08-28T11:55:54+00:00","breadcrumb":{"@id":"https:\/\/www.mantzaris-film.com\/de\/code-of-ethics\/#breadcrumb"},"inLanguage":"de-DE","potentialAction":[{"@type":"ReadAction","target":["https:\/\/www.mantzaris-film.com\/de\/code-of-ethics\/"]}]},{"@type":"BreadcrumbList","@id":"https:\/\/www.mantzaris-film.com\/de\/code-of-ethics\/#breadcrumb","itemListElement":[{"@type":"ListItem","position":1,"name":"Home","item":"https:\/\/www.mantzaris-film.com\/de\/"},{"@type":"ListItem","position":2,"name":"ETHIK- UND VERHALTENSKODEX"}]},{"@type":"WebSite","@id":"https:\/\/www.mantzaris-film.com\/de\/#website","url":"https:\/\/www.mantzaris-film.com\/de\/","name":"Mantzaris SA","description":"Mantzaris SA is a plastic film industry that manufactures &amp; sells a variery of plastics such as films for agricultural, industrial and consumer use.","publisher":{"@id":"https:\/\/www.mantzaris-film.com\/de\/#organization"},"potentialAction":[{"@type":"SearchAction","target":{"@type":"EntryPoint","urlTemplate":"https:\/\/www.mantzaris-film.com\/de\/?s={search_term_string}"},"query-input":{"@type":"PropertyValueSpecification","valueRequired":true,"valueName":"search_term_string"}}],"inLanguage":"de-DE"},{"@type":"Organization","@id":"https:\/\/www.mantzaris-film.com\/de\/#organization","name":"\u0392\u03b9\u03bf\u03bc\u03b7\u03c7\u03b1\u03bd\u03af\u03b1 \u03a0\u03bb\u03b1\u03c3\u03c4\u03b9\u03ba\u03ce\u03bd \u03a6\u03b9\u03bb\u03bc | EUROFILM \u039c\u0391\u039d\u03a4\u0396\u0391\u03a1\u0397\u03a3 \u0391.\u0395","url":"https:\/\/www.mantzaris-film.com\/de\/","logo":{"@type":"ImageObject","inLanguage":"de-DE","@id":"https:\/\/www.mantzaris-film.com\/de\/#\/schema\/logo\/image\/","url":"https:\/\/www.mantzaris-film.com\/wp-content\/uploads\/2018\/09\/mantzaris.png","contentUrl":"https:\/\/www.mantzaris-film.com\/wp-content\/uploads\/2018\/09\/mantzaris.png","width":400,"height":92,"caption":"\u0392\u03b9\u03bf\u03bc\u03b7\u03c7\u03b1\u03bd\u03af\u03b1 \u03a0\u03bb\u03b1\u03c3\u03c4\u03b9\u03ba\u03ce\u03bd \u03a6\u03b9\u03bb\u03bc | EUROFILM \u039c\u0391\u039d\u03a4\u0396\u0391\u03a1\u0397\u03a3 \u0391.\u0395"},"image":{"@id":"https:\/\/www.mantzaris-film.com\/de\/#\/schema\/logo\/image\/"}}]}},"_links":{"self":[{"href":"https:\/\/www.mantzaris-film.com\/de\/wp-json\/wp\/v2\/pages\/2521","targetHints":{"allow":["GET"]}}],"collection":[{"href":"https:\/\/www.mantzaris-film.com\/de\/wp-json\/wp\/v2\/pages"}],"about":[{"href":"https:\/\/www.mantzaris-film.com\/de\/wp-json\/wp\/v2\/types\/page"}],"author":[{"embeddable":true,"href":"https:\/\/www.mantzaris-film.com\/de\/wp-json\/wp\/v2\/users\/1"}],"replies":[{"embeddable":true,"href":"https:\/\/www.mantzaris-film.com\/de\/wp-json\/wp\/v2\/comments?post=2521"}],"version-history":[{"count":6,"href":"https:\/\/www.mantzaris-film.com\/de\/wp-json\/wp\/v2\/pages\/2521\/revisions"}],"predecessor-version":[{"id":10435,"href":"https:\/\/www.mantzaris-film.com\/de\/wp-json\/wp\/v2\/pages\/2521\/revisions\/10435"}],"wp:attachment":[{"href":"https:\/\/www.mantzaris-film.com\/de\/wp-json\/wp\/v2\/media?parent=2521"}],"curies":[{"name":"wp","href":"https:\/\/api.w.org\/{rel}","templated":true}]}}